{"id":2064,"date":"2025-02-25T16:01:19","date_gmt":"2025-02-25T16:01:19","guid":{"rendered":"https:\/\/cuitzeo.gob.mx\/?page_id=2064"},"modified":"2025-02-26T17:47:01","modified_gmt":"2025-02-26T17:47:01","slug":"beca-de-transporte","status":"publish","type":"page","link":"https:\/\/cuitzeo.gob.mx\/index.php\/beca-de-transporte\/","title":{"rendered":"Beca de Transporte"},"content":{"rendered":"<div class=\"fusion-fullwidth fullwidth-box fusion-builder-row-1 fusion-flex-container has-pattern-background has-mask-background nonhundred-percent-fullwidth non-hundred-percent-height-scrolling fusion-custom-z-index\" style=\"--awb-border-radius-top-left:0px;--awb-border-radius-top-right:0px;--awb-border-radius-bottom-right:0px;--awb-border-radius-bottom-left:0px;--awb-z-index:0;--awb-flex-wrap:wrap;\" ><div class=\"fusion-builder-row fusion-row fusion-flex-align-items-flex-start fusion-flex-content-wrap\" style=\"max-width:1216.8px;margin-left: calc(-4% \/ 2 );margin-right: calc(-4% \/ 2 );\"><div class=\"fusion-layout-column fusion_builder_column fusion-builder-column-0 fusion_builder_column_1_3 1_3 fusion-flex-column\" style=\"--awb-bg-size:cover;--awb-width-large:33.333333333333%;--awb-margin-top-large:0px;--awb-spacing-right-large:5.76%;--awb-margin-bottom-large:0px;--awb-spacing-left-large:5.76%;--awb-width-medium:100%;--awb-order-medium:0;--awb-spacing-right-medium:1.92%;--awb-spacing-left-medium:1.92%;--awb-width-small:100%;--awb-order-small:0;--awb-spacing-right-small:1.92%;--awb-spacing-left-small:1.92%;\"><div class=\"fusion-column-wrapper fusion-column-has-shadow fusion-flex-justify-content-flex-start fusion-content-layout-column\"><div class=\"fusion-image-element \" style=\"text-align:center;--awb-caption-title-font-family:var(--h2_typography-font-family);--awb-caption-title-font-weight:var(--h2_typography-font-weight);--awb-caption-title-font-style:var(--h2_typography-font-style);--awb-caption-title-size:var(--h2_typography-font-size);--awb-caption-title-transform:var(--h2_typography-text-transform);--awb-caption-title-line-height:var(--h2_typography-line-height);--awb-caption-title-letter-spacing:var(--h2_typography-letter-spacing);\"><span class=\" fusion-imageframe imageframe-none imageframe-1 hover-type-none fusion-animated\" data-animationType=\"fadeInDown\" data-animationDuration=\"1.4\" data-animationDelay=\"0.4\" data-animationOffset=\"top-into-view\"><img decoding=\"async\" width=\"200\" height=\"242\" title=\"LOGO NUEVO 11\" src=\"https:\/\/cuitzeo.gob.mx\/wp-content\/uploads\/2025\/02\/LOGO-NUEVO-11.png\" data-orig-src=\"https:\/\/cuitzeo.gob.mx\/wp-content\/uploads\/2025\/02\/LOGO-NUEVO-11-200x242.png\" alt class=\"lazyload img-responsive wp-image-2065\" srcset=\"data:image\/svg+xml,%3Csvg%20xmlns%3D%27http%3A%2F%2Fwww.w3.org%2F2000%2Fsvg%27%20width%3D%27404%27%20height%3D%27488%27%20viewBox%3D%270%200%20404%20488%27%3E%3Crect%20width%3D%27404%27%20height%3D%27488%27%20fill-opacity%3D%220%22%2F%3E%3C%2Fsvg%3E\" data-srcset=\"https:\/\/cuitzeo.gob.mx\/wp-content\/uploads\/2025\/02\/LOGO-NUEVO-11-200x242.png 200w, https:\/\/cuitzeo.gob.mx\/wp-content\/uploads\/2025\/02\/LOGO-NUEVO-11-400x483.png 400w, https:\/\/cuitzeo.gob.mx\/wp-content\/uploads\/2025\/02\/LOGO-NUEVO-11.png 404w\" data-sizes=\"auto\" data-orig-sizes=\"(max-width: 1024px) 100vw, (max-width: 640px) 100vw, 400px\" \/><\/span><\/div><\/div><\/div><div class=\"fusion-layout-column fusion_builder_column fusion-builder-column-1 fusion_builder_column_2_3 2_3 fusion-flex-column\" style=\"--awb-bg-size:cover;--awb-width-large:66.666666666667%;--awb-margin-top-large:0px;--awb-spacing-right-large:2.88%;--awb-margin-bottom-large:0px;--awb-spacing-left-large:2.88%;--awb-width-medium:100%;--awb-order-medium:0;--awb-spacing-right-medium:1.92%;--awb-spacing-left-medium:1.92%;--awb-width-small:100%;--awb-order-small:0;--awb-spacing-right-small:1.92%;--awb-spacing-left-small:1.92%;\"><div class=\"fusion-column-wrapper fusion-column-has-shadow fusion-flex-justify-content-flex-start fusion-content-layout-column\"><div class=\"fusion-separator\" style=\"align-self: center;margin-left: auto;margin-right: auto;margin-top:75px;margin-bottom:100px;width:100%;max-width:15%;\"><div class=\"fusion-separator-border sep-single\" style=\"--awb-height:20px;--awb-amount:20px;--awb-sep-color:var(--awb-color6);border-color:var(--awb-color6);border-top-width:5px;\"><\/div><\/div><div class=\"fusion-title title fusion-title-1 fusion-no-small-visibility fusion-no-medium-visibility fusion-sep-none fusion-title-center fusion-title-rotating fusion-animate-once fusion-title-fadeIn fusion-title-size-one fusion-animated\" style=\"--awb-margin-top-small:0px;--awb-margin-right-small:0px;--awb-margin-bottom-small:20px;--awb-margin-left-small:0px;\" data-animationType=\"fadeInLeft\" data-animationDuration=\"2.5\" data-animationDelay=\"0.7\" data-animationOffset=\"top-into-view\"><h1 class=\"fusion-title-heading title-heading-center fusion-responsive-typography-calculated\" style=\"margin:0;--fontSize:34;line-height:1.40;\"><span class=\"fusion-animated-text-prefix\">Trabajando por el futuro de Cuitzeo<\/span>  <span class=\"fusion-animated-text-postfix\"><\/span><\/h1><\/div><div class=\"fusion-title title fusion-title-2 fusion-no-large-visibility fusion-sep-none fusion-title-center fusion-title-rotating fusion-animate-once fusion-title-fadeIn fusion-title-size-five fusion-animated\" style=\"--awb-margin-top-small:0px;--awb-margin-right-small:0px;--awb-margin-bottom-small:20px;--awb-margin-left-small:0px;\" data-animationType=\"fadeInLeft\" data-animationDuration=\"2.6\" data-animationDelay=\"0.8\" data-animationOffset=\"top-into-view\"><h5 class=\"fusion-title-heading title-heading-center fusion-responsive-typography-calculated\" style=\"margin:0;--fontSize:16;--minFontSize:16;line-height:1.4;\"><span class=\"fusion-animated-text-prefix\">Trabajando por el futuro de Cuitzeo<\/span>  <span class=\"fusion-animated-text-postfix\"><\/span><\/h5><\/div><div class=\"fusion-separator\" style=\"align-self: center;margin-left: auto;margin-right: auto;margin-top:75px;width:100%;max-width:15%;\"><div class=\"fusion-separator-border sep-single\" style=\"--awb-height:20px;--awb-amount:20px;--awb-sep-color:var(--awb-color6);border-color:var(--awb-color6);border-top-width:5px;\"><\/div><\/div><\/div><\/div><div class=\"fusion-layout-column fusion_builder_column fusion-builder-column-2 fusion_builder_column_1_1 1_1 fusion-flex-column\" style=\"--awb-bg-size:cover;--awb-width-large:100%;--awb-margin-top-large:0px;--awb-spacing-right-large:1.92%;--awb-margin-bottom-large:0px;--awb-spacing-left-large:1.92%;--awb-width-medium:100%;--awb-order-medium:0;--awb-spacing-right-medium:1.92%;--awb-spacing-left-medium:1.92%;--awb-width-small:100%;--awb-order-small:0;--awb-spacing-right-small:1.92%;--awb-spacing-left-small:1.92%;\"><div class=\"fusion-column-wrapper fusion-column-has-shadow fusion-flex-justify-content-flex-start fusion-content-layout-column\"><div class=\"fusion-separator fusion-full-width-sep\" style=\"align-self: center;margin-left: auto;margin-right: auto;margin-top:50px;width:100%;\"><\/div><\/div><\/div><div class=\"fusion-layout-column fusion_builder_column fusion-builder-column-3 fusion_builder_column_1_4 1_4 fusion-flex-column\" style=\"--awb-bg-size:cover;--awb-width-large:25%;--awb-margin-top-large:0px;--awb-spacing-right-large:7.68%;--awb-margin-bottom-large:0px;--awb-spacing-left-large:7.68%;--awb-width-medium:100%;--awb-order-medium:0;--awb-spacing-right-medium:1.92%;--awb-spacing-left-medium:1.92%;--awb-width-small:100%;--awb-order-small:0;--awb-spacing-right-small:1.92%;--awb-spacing-left-small:1.92%;\"><div class=\"fusion-column-wrapper fusion-column-has-shadow fusion-flex-justify-content-flex-start fusion-content-layout-column\"><div class=\"fusion-separator fusion-full-width-sep\" style=\"align-self: center;margin-left: auto;margin-right: auto;margin-top:75px;width:100%;\"><\/div><div ><a class=\"fusion-button button-flat fusion-button-default-size button-custom fusion-button-default button-1 fusion-button-default-span fusion-button-default-type fusion-animated\" style=\"--button_accent_color:var(--awb-color1);--button_accent_hover_color:#ffffff;--button_border_hover_color:#ffffff;--button_gradient_top_color:#c83182;--button_gradient_bottom_color:#c83182;--button_gradient_top_color_hover:#333333;--button_gradient_bottom_color_hover:#333333;\" data-animationType=\"fadeInLeft\" data-animationDuration=\"1.4\" data-animationDelay=\"0.3\" data-animationOffset=\"top-into-view\" target=\"_blank\" rel=\"noopener noreferrer\" href=\"http:\/\/transporte.cuitzeo.gob.mx:8080\/SchoolBus\"><span class=\"fusion-button-text awb-button__text awb-button__text--default\">Accede<\/span><\/a><\/div><\/div><\/div><div class=\"fusion-layout-column fusion_builder_column fusion-builder-column-4 fusion_builder_column_1_2 1_2 fusion-flex-column\" style=\"--awb-bg-size:cover;--awb-width-large:50%;--awb-margin-top-large:0px;--awb-spacing-right-large:3.84%;--awb-margin-bottom-large:0px;--awb-spacing-left-large:3.84%;--awb-width-medium:100%;--awb-order-medium:0;--awb-spacing-right-medium:1.92%;--awb-spacing-left-medium:1.92%;--awb-width-small:100%;--awb-order-small:0;--awb-spacing-right-small:1.92%;--awb-spacing-left-small:1.92%;\"><div class=\"fusion-column-wrapper fusion-column-has-shadow fusion-flex-justify-content-flex-start fusion-content-layout-column\"><div class=\"fusion-text fusion-text-1 fusion-animated\" style=\"--awb-content-alignment:justify;\" data-animationType=\"fadeInLeft\" data-animationDuration=\"2.2\" data-animationDelay=\"0.6\" data-animationOffset=\"top-into-view\"><p>&#8220;La beca de transporte Cuitzeo para j\u00f3venes universitarios es una iniciativa que busca apoyar a los estudiantes del municipio en su movilidad, facilitando su traslado para continuar con sus estudios. Con este programa, el Gobierno de Cuitzeo reafirma su compromiso con el futuro de sus j\u00f3venes, impulsando su desarrollo educativo y brind\u00e1ndoles herramientas para alcanzar sus metas acad\u00e9micas.&#8221;<\/p>\n<p>Este enfoque resalta el prop\u00f3sito de la beca y enfatiza el compromiso del gobierno con la educaci\u00f3n y el futuro de los j\u00f3venes.<\/p>\n<\/div><\/div><\/div><div class=\"fusion-layout-column fusion_builder_column fusion-builder-column-5 fusion_builder_column_1_4 1_4 fusion-flex-column\" style=\"--awb-bg-size:cover;--awb-width-large:25%;--awb-margin-top-large:0px;--awb-spacing-right-large:7.68%;--awb-margin-bottom-large:0px;--awb-spacing-left-large:7.68%;--awb-width-medium:100%;--awb-order-medium:0;--awb-spacing-right-medium:1.92%;--awb-spacing-left-medium:1.92%;--awb-width-small:100%;--awb-order-small:0;--awb-spacing-right-small:1.92%;--awb-spacing-left-small:1.92%;\"><div class=\"fusion-column-wrapper fusion-column-has-shadow fusion-flex-justify-content-flex-start fusion-content-layout-column\"><div class=\"fusion-separator fusion-full-width-sep\" style=\"align-self: center;margin-left: auto;margin-right: auto;margin-top:30px;width:100%;\"><\/div><div class=\"fusion-image-element \" style=\"text-align:right;--awb-liftup-border-radius:0px;--awb-caption-title-font-family:var(--h2_typography-font-family);--awb-caption-title-font-weight:var(--h2_typography-font-weight);--awb-caption-title-font-style:var(--h2_typography-font-style);--awb-caption-title-size:var(--h2_typography-font-size);--awb-caption-title-transform:var(--h2_typography-text-transform);--awb-caption-title-line-height:var(--h2_typography-line-height);--awb-caption-title-letter-spacing:var(--h2_typography-letter-spacing);\"><div class=\"awb-image-frame awb-image-frame-2 imageframe-liftup fusion-animated\" data-animationType=\"fadeInRight\" data-animationDuration=\"2.6\" data-animationDelay=\"0.5\" data-animationOffset=\"top-into-view\"><span class=\" fusion-imageframe imageframe-none imageframe-2\"><img decoding=\"async\" width=\"1667\" height=\"1667\" title=\"cuitzeo transporte\" src=\"https:\/\/cuitzeo.gob.mx\/wp-content\/uploads\/2025\/02\/cuitzeo-transporte.jpg\" data-orig-src=\"https:\/\/cuitzeo.gob.mx\/wp-content\/uploads\/2025\/02\/cuitzeo-transporte.jpg\" alt class=\"lazyload img-responsive wp-image-2072\" srcset=\"data:image\/svg+xml,%3Csvg%20xmlns%3D%27http%3A%2F%2Fwww.w3.org%2F2000%2Fsvg%27%20width%3D%271667%27%20height%3D%271667%27%20viewBox%3D%270%200%201667%201667%27%3E%3Crect%20width%3D%271667%27%20height%3D%271667%27%20fill-opacity%3D%220%22%2F%3E%3C%2Fsvg%3E\" data-srcset=\"https:\/\/cuitzeo.gob.mx\/wp-content\/uploads\/2025\/02\/cuitzeo-transporte-200x200.jpg 200w, https:\/\/cuitzeo.gob.mx\/wp-content\/uploads\/2025\/02\/cuitzeo-transporte-400x400.jpg 400w, https:\/\/cuitzeo.gob.mx\/wp-content\/uploads\/2025\/02\/cuitzeo-transporte-600x600.jpg 600w, https:\/\/cuitzeo.gob.mx\/wp-content\/uploads\/2025\/02\/cuitzeo-transporte-800x800.jpg 800w, https:\/\/cuitzeo.gob.mx\/wp-content\/uploads\/2025\/02\/cuitzeo-transporte-1200x1200.jpg 1200w, https:\/\/cuitzeo.gob.mx\/wp-content\/uploads\/2025\/02\/cuitzeo-transporte.jpg 1667w\" data-sizes=\"auto\" data-orig-sizes=\"(max-width: 1024px) 100vw, (max-width: 640px) 100vw, 400px\" \/><\/span><\/div><\/div><\/div><\/div><\/div><\/div>\n","protected":false},"excerpt":{"rendered":"","protected":false},"author":1,"featured_media":0,"parent":0,"menu_order":0,"comment_status":"closed","ping_status":"closed","template":"","meta":{"footnotes":""},"class_list":["post-2064","page","type-page","status-publish","hentry"],"yoast_head":"<!-- This site is optimized with the Yoast SEO plugin v27.3 - https:\/\/yoast.com\/product\/yoast-seo-wordpress\/ -->\n<title>Beca de Transporte - Municipio de Cuitzeo<\/title>\n<meta name=\"robots\" content=\"index, follow, max-snippet:-1, max-image-preview:large, max-video-preview:-1\" \/>\n<link rel=\"canonical\" href=\"https:\/\/cuitzeo.gob.mx\/index.php\/beca-de-transporte\/\" \/>\n<meta property=\"og:locale\" content=\"es_MX\" \/>\n<meta property=\"og:type\" content=\"article\" \/>\n<meta property=\"og:title\" content=\"Beca de Transporte - Municipio de Cuitzeo\" \/>\n<meta property=\"og:url\" content=\"https:\/\/cuitzeo.gob.mx\/index.php\/beca-de-transporte\/\" \/>\n<meta property=\"og:site_name\" content=\"Municipio de Cuitzeo\" \/>\n<meta property=\"article:modified_time\" content=\"2025-02-26T17:47:01+00:00\" \/>\n<meta name=\"twitter:card\" content=\"summary_large_image\" \/>\n<meta name=\"twitter:label1\" content=\"Tiempo de lectura\" \/>\n\t<meta name=\"twitter:data1\" content=\"1 minuto\" \/>\n<script type=\"application\/ld+json\" class=\"yoast-schema-graph\">{\"@context\":\"https:\\\/\\\/schema.org\",\"@graph\":[{\"@type\":\"WebPage\",\"@id\":\"https:\\\/\\\/cuitzeo.gob.mx\\\/index.php\\\/beca-de-transporte\\\/\",\"url\":\"https:\\\/\\\/cuitzeo.gob.mx\\\/index.php\\\/beca-de-transporte\\\/\",\"name\":\"Beca de Transporte - Municipio de Cuitzeo\",\"isPartOf\":{\"@id\":\"https:\\\/\\\/cuitzeo.gob.mx\\\/#website\"},\"datePublished\":\"2025-02-25T16:01:19+00:00\",\"dateModified\":\"2025-02-26T17:47:01+00:00\",\"breadcrumb\":{\"@id\":\"https:\\\/\\\/cuitzeo.gob.mx\\\/index.php\\\/beca-de-transporte\\\/#breadcrumb\"},\"inLanguage\":\"es\",\"potentialAction\":[{\"@type\":\"ReadAction\",\"target\":[\"https:\\\/\\\/cuitzeo.gob.mx\\\/index.php\\\/beca-de-transporte\\\/\"]}]},{\"@type\":\"BreadcrumbList\",\"@id\":\"https:\\\/\\\/cuitzeo.gob.mx\\\/index.php\\\/beca-de-transporte\\\/#breadcrumb\",\"itemListElement\":[{\"@type\":\"ListItem\",\"position\":1,\"name\":\"Inicio\",\"item\":\"https:\\\/\\\/cuitzeo.gob.mx\\\/\"},{\"@type\":\"ListItem\",\"position\":2,\"name\":\"Beca de Transporte\"}]},{\"@type\":\"WebSite\",\"@id\":\"https:\\\/\\\/cuitzeo.gob.mx\\\/#website\",\"url\":\"https:\\\/\\\/cuitzeo.gob.mx\\\/\",\"name\":\"Municipio de Cuitzeo\",\"description\":\"Municipio de Cuitzeo\",\"potentialAction\":[{\"@type\":\"SearchAction\",\"target\":{\"@type\":\"EntryPoint\",\"urlTemplate\":\"https:\\\/\\\/cuitzeo.gob.mx\\\/?s={search_term_string}\"},\"query-input\":{\"@type\":\"PropertyValueSpecification\",\"valueRequired\":true,\"valueName\":\"search_term_string\"}}],\"inLanguage\":\"es\"}]}<\/script>\n<!-- \/ Yoast SEO plugin. -->","yoast_head_json":{"title":"Beca de Transporte - Municipio de Cuitzeo","robots":{"index":"index","follow":"follow","max-snippet":"max-snippet:-1","max-image-preview":"max-image-preview:large","max-video-preview":"max-video-preview:-1"},"canonical":"https:\/\/cuitzeo.gob.mx\/index.php\/beca-de-transporte\/","og_locale":"es_MX","og_type":"article","og_title":"Beca de Transporte - Municipio de Cuitzeo","og_url":"https:\/\/cuitzeo.gob.mx\/index.php\/beca-de-transporte\/","og_site_name":"Municipio de Cuitzeo","article_modified_time":"2025-02-26T17:47:01+00:00","twitter_card":"summary_large_image","twitter_misc":{"Tiempo de lectura":"1 minuto"},"schema":{"@context":"https:\/\/schema.org","@graph":[{"@type":"WebPage","@id":"https:\/\/cuitzeo.gob.mx\/index.php\/beca-de-transporte\/","url":"https:\/\/cuitzeo.gob.mx\/index.php\/beca-de-transporte\/","name":"Beca de Transporte - Municipio de Cuitzeo","isPartOf":{"@id":"https:\/\/cuitzeo.gob.mx\/#website"},"datePublished":"2025-02-25T16:01:19+00:00","dateModified":"2025-02-26T17:47:01+00:00","breadcrumb":{"@id":"https:\/\/cuitzeo.gob.mx\/index.php\/beca-de-transporte\/#breadcrumb"},"inLanguage":"es","potentialAction":[{"@type":"ReadAction","target":["https:\/\/cuitzeo.gob.mx\/index.php\/beca-de-transporte\/"]}]},{"@type":"BreadcrumbList","@id":"https:\/\/cuitzeo.gob.mx\/index.php\/beca-de-transporte\/#breadcrumb","itemListElement":[{"@type":"ListItem","position":1,"name":"Inicio","item":"https:\/\/cuitzeo.gob.mx\/"},{"@type":"ListItem","position":2,"name":"Beca de Transporte"}]},{"@type":"WebSite","@id":"https:\/\/cuitzeo.gob.mx\/#website","url":"https:\/\/cuitzeo.gob.mx\/","name":"Municipio de Cuitzeo","description":"Municipio de Cuitzeo","potentialAction":[{"@type":"SearchAction","target":{"@type":"EntryPoint","urlTemplate":"https:\/\/cuitzeo.gob.mx\/?s={search_term_string}"},"query-input":{"@type":"PropertyValueSpecification","valueRequired":true,"valueName":"search_term_string"}}],"inLanguage":"es"}]}},"_links":{"self":[{"href":"https:\/\/cuitzeo.gob.mx\/index.php\/wp-json\/wp\/v2\/pages\/2064","targetHints":{"allow":["GET"]}}],"collection":[{"href":"https:\/\/cuitzeo.gob.mx\/index.php\/wp-json\/wp\/v2\/pages"}],"about":[{"href":"https:\/\/cuitzeo.gob.mx\/index.php\/wp-json\/wp\/v2\/types\/page"}],"author":[{"embeddable":true,"href":"https:\/\/cuitzeo.gob.mx\/index.php\/wp-json\/wp\/v2\/users\/1"}],"replies":[{"embeddable":true,"href":"https:\/\/cuitzeo.gob.mx\/index.php\/wp-json\/wp\/v2\/comments?post=2064"}],"version-history":[{"count":23,"href":"https:\/\/cuitzeo.gob.mx\/index.php\/wp-json\/wp\/v2\/pages\/2064\/revisions"}],"predecessor-version":[{"id":2090,"href":"https:\/\/cuitzeo.gob.mx\/index.php\/wp-json\/wp\/v2\/pages\/2064\/revisions\/2090"}],"wp:attachment":[{"href":"https:\/\/cuitzeo.gob.mx\/index.php\/wp-json\/wp\/v2\/media?parent=2064"}],"curies":[{"name":"wp","href":"https:\/\/api.w.org\/{rel}","templated":true}]}}